{"id":14,"date":"2024-11-29T08:40:01","date_gmt":"2024-11-29T08:40:01","guid":{"rendered":"https:\/\/ursulineninfo.de\/?page_id=14"},"modified":"2024-11-29T08:40:01","modified_gmt":"2024-11-29T08:40:01","slug":"schulhof","status":"publish","type":"page","link":"https:\/\/ursulineninfo.de\/?page_id=14","title":{"rendered":"Schulhof"},"content":{"rendered":"\n<figure class=\"wp-block-table\"><table class=\"has-fixed-layout\"><tbody><tr><td colspan=\"4\"><strong>SCHULHOF<\/strong><\/td><\/tr><tr><td><strong>Wer?<\/strong><\/td><td><strong>Mit wem?<\/strong><\/td><td><strong>Was?<\/strong><\/td><td><strong>Wo?<\/strong><\/td><\/tr><tr><td>6c<\/td><td>Irtem &amp; Lessenich<\/td><td><em>W\u00fcrstchenstand (Hotdogs)<\/em><\/td><td>H\u00fctte<\/td><\/tr><tr><td>10a<\/td><td>Ziebolz<\/td><td><em>Getr\u00e4nke \/ Softdrinks<\/em><\/td><td>H\u00fctte<\/td><\/tr><tr><td>SV<\/td><td>Bungart &amp; Palm<\/td><td><em>Weihnachtstraum mit der SV<br>Die Ursulinenweihnachtsh\u00fctte<\/em><\/td><td>H\u00fctte<\/td><\/tr><tr><td><br>10b<br><\/td><td><br>M\u00e4rten<br><\/td><td><br><em>Uschis Suppen-Zauber<\/em><br><\/td><td>Pavillon<\/td><\/tr><tr><td><br>10a<br><\/td><td><br>Cremer<br><\/td><td><br><em>Curry2Go<\/em><br><\/td><td>H\u00fctte<\/td><\/tr><tr><td>Q1 KR1<br><\/td><td>Frey<\/td><td><br><em>Gl\u00fchweinstube und Schokozauber<\/em><br><\/td><td>Pavillon<\/td><\/tr><tr><td>8b<br><\/td><td><br>W\u00fcstefeld<br><\/td><td><br><em>Waffeln und Kakao<\/em><br><\/td><td>Pavillon<\/td><\/tr><tr><td>9c<\/td><td>Wertz<\/td><td><em>Reibekuchen<\/em><\/td><td>Pavillon<\/td><\/tr><tr><td>9a<\/td><td>Wirtz<\/td><td><em>Popcorn \/ Zuckerwatte<\/em><\/td><td>Pavillon<\/td><\/tr><tr><td>EF KR2<br><\/td><td>Kalthoff<br><\/td><td>&#8222;<em>an apple a day &#8230;&#8220;<br>\u00c4pfel und selbstgepresster Apfelsaft<\/em><\/td><td>vor dem Selbstlern-zentrum<\/td><\/tr><\/tbody><\/table><\/figure>\n","protected":false},"excerpt":{"rendered":"<p>SCHULHOF Wer? Mit wem? Was? Wo? 6c Irtem &amp; Lessenich W\u00fcrstchenstand (Hotdogs) H\u00fctte 10a Ziebolz Getr\u00e4nke \/ Softdrinks H\u00fctte SV Bungart &amp; Palm Weihnachtstraum mit der SVDie Ursulinenweihnachtsh\u00fctte H\u00fctte 10b M\u00e4rten Uschis Suppen-Zauber Pavillon 10a Cremer Curry2Go H\u00fctte Q1 KR1 &hellip; <a href=\"https:\/\/ursulineninfo.de\/?page_id=14\">Weiterlesen <span class=\"meta-nav\">&rarr;<\/span><\/a><\/p>\n","protected":false},"author":1,"featured_media":0,"parent":0,"menu_order":0,"comment_status":"closed","ping_status":"closed","template":"","meta":{"footnotes":""},"class_list":["post-14","page","type-page","status-publish","hentry"],"_links":{"self":[{"href":"https:\/\/ursulineninfo.de\/index.php?rest_route=\/wp\/v2\/pages\/14","targetHints":{"allow":["GET"]}}],"collection":[{"href":"https:\/\/ursulineninfo.de\/index.php?rest_route=\/wp\/v2\/pages"}],"about":[{"href":"https:\/\/ursulineninfo.de\/index.php?rest_route=\/wp\/v2\/types\/page"}],"author":[{"embeddable":true,"href":"https:\/\/ursulineninfo.de\/index.php?rest_route=\/wp\/v2\/users\/1"}],"replies":[{"embeddable":true,"href":"https:\/\/ursulineninfo.de\/index.php?rest_route=%2Fwp%2Fv2%2Fcomments&post=14"}],"version-history":[{"count":1,"href":"https:\/\/ursulineninfo.de\/index.php?rest_route=\/wp\/v2\/pages\/14\/revisions"}],"predecessor-version":[{"id":15,"href":"https:\/\/ursulineninfo.de\/index.php?rest_route=\/wp\/v2\/pages\/14\/revisions\/15"}],"wp:attachment":[{"href":"https:\/\/ursulineninfo.de\/index.php?rest_route=%2Fwp%2Fv2%2Fmedia&parent=14"}],"curies":[{"name":"wp","href":"https:\/\/api.w.org\/{rel}","templated":true}]}}