{"id":22,"date":"2024-11-29T08:45:51","date_gmt":"2024-11-29T08:45:51","guid":{"rendered":"https:\/\/ursulineninfo.de\/?page_id=22"},"modified":"2024-11-29T08:45:51","modified_gmt":"2024-11-29T08:45:51","slug":"selbstlernzentrum","status":"publish","type":"page","link":"https:\/\/ursulineninfo.de\/?page_id=22","title":{"rendered":"Selbstlernzentrum"},"content":{"rendered":"\n<figure class=\"wp-block-table\"><table class=\"has-fixed-layout\"><tbody><tr><td colspan=\"3\"><strong>SELBSTLERNZENTRUM<\/strong><\/td><\/tr><tr><td><strong>Wer?<\/strong><\/td><td><strong>Mit wem?<\/strong><\/td><td><strong>Was?<\/strong><\/td><\/tr><tr><td colspan=\"2\">Frau Burbaum, Frau Sch\u00e4fers &amp; Projektvertreter<\/td><td><em>Pr\u00e4sentation Patenprojekte<\/em><\/td><\/tr><tr><td colspan=\"2\">Zimmermann<\/td><td><em>Federn, Tinten und Karten<br>(zum selbst gestalten)<\/em><\/td><\/tr><tr><td colspan=\"2\">Eltern<\/td><td><em>Pr\u00e4sentation F\u00f6rderverein<\/em><\/td><\/tr><tr><td>EF<\/td><td>Mertes<\/td><td><em>Stern \u00fcber Bethlehem<\/em><\/td><\/tr><\/tbody><\/table><\/figure>\n\n\n\n<p><\/p>\n","protected":false},"excerpt":{"rendered":"<p>SELBSTLERNZENTRUM Wer? Mit wem? Was? Frau Burbaum, Frau Sch\u00e4fers &amp; Projektvertreter Pr\u00e4sentation Patenprojekte Zimmermann Federn, Tinten und Karten(zum selbst gestalten) Eltern Pr\u00e4sentation F\u00f6rderverein EF Mertes Stern \u00fcber Bethlehem<\/p>\n","protected":false},"author":1,"featured_media":0,"parent":0,"menu_order":0,"comment_status":"closed","ping_status":"closed","template":"","meta":{"footnotes":""},"class_list":["post-22","page","type-page","status-publish","hentry"],"_links":{"self":[{"href":"https:\/\/ursulineninfo.de\/index.php?rest_route=\/wp\/v2\/pages\/22","targetHints":{"allow":["GET"]}}],"collection":[{"href":"https:\/\/ursulineninfo.de\/index.php?rest_route=\/wp\/v2\/pages"}],"about":[{"href":"https:\/\/ursulineninfo.de\/index.php?rest_route=\/wp\/v2\/types\/page"}],"author":[{"embeddable":true,"href":"https:\/\/ursulineninfo.de\/index.php?rest_route=\/wp\/v2\/users\/1"}],"replies":[{"embeddable":true,"href":"https:\/\/ursulineninfo.de\/index.php?rest_route=%2Fwp%2Fv2%2Fcomments&post=22"}],"version-history":[{"count":1,"href":"https:\/\/ursulineninfo.de\/index.php?rest_route=\/wp\/v2\/pages\/22\/revisions"}],"predecessor-version":[{"id":23,"href":"https:\/\/ursulineninfo.de\/index.php?rest_route=\/wp\/v2\/pages\/22\/revisions\/23"}],"wp:attachment":[{"href":"https:\/\/ursulineninfo.de\/index.php?rest_route=%2Fwp%2Fv2%2Fmedia&parent=22"}],"curies":[{"name":"wp","href":"https:\/\/api.w.org\/{rel}","templated":true}]}}