{"id":24,"date":"2024-11-29T08:46:25","date_gmt":"2024-11-29T08:46:25","guid":{"rendered":"https:\/\/ursulineninfo.de\/?page_id=24"},"modified":"2024-11-29T08:46:25","modified_gmt":"2024-11-29T08:46:25","slug":"elisabethhaus-hildegardhaus","status":"publish","type":"page","link":"https:\/\/ursulineninfo.de\/?page_id=24","title":{"rendered":"ELISABETHHAUS \/ HILDEGARDHAUS"},"content":{"rendered":"\n<figure class=\"wp-block-table\"><table class=\"has-fixed-layout\"><tbody><tr><td colspan=\"5\"><strong>ELISABETHHAUS \/ HILDEGARDHAUS<\/strong><\/td><\/tr><tr><td colspan=\"5\"><strong>Hildegardhaus &#8211; Souterrain<\/strong><\/td><\/tr><tr><td><strong>Wer?<\/strong><\/td><td colspan=\"2\"><strong>Mit wem?<\/strong><\/td><td><strong>Was?<\/strong><\/td><td><strong>Wo?<\/strong><\/td><\/tr><tr><td>EF<\/td><td colspan=\"2\">Servos<\/td><td><em>High-Speed-Escape<\/em><\/td><td>HU3<\/td><\/tr><tr><td colspan=\"5\"><strong>ELISABETH-\/ HILDEGARDHAUS &#8211; ERDGESCHOSS<\/strong><\/td><\/tr><tr><td>9b<\/td><td>Gebhardt<\/td><td colspan=\"2\"><em>Wintertraum<\/em><\/td><td>H01<\/td><\/tr><tr><td><br>9c<\/td><td><br>Heinen<\/td><td colspan=\"2\"><br><em>Hot and Sweet &#8211; Hot Dogs und gebrannte Mandeln<\/em><\/td><td>H02<\/td><\/tr><tr><td><br>9d<\/td><td><br>van Heek<\/td><td colspan=\"2\"><br><em>Herzhafte und s\u00fc\u00dfe Cr\u00eapes Kinderschminken<\/em><\/td><td>H03<\/td><\/tr><tr><td colspan=\"2\"><br>Nicolaus &amp; Pritzkow<br><\/td><td colspan=\"2\"><br>\u201e<em>Gr\u00fcner Punkt\u201c<\/em><\/td><td>E03B<\/td><\/tr><\/tbody><\/table><\/figure>\n","protected":false},"excerpt":{"rendered":"<p>ELISABETHHAUS \/ HILDEGARDHAUS Hildegardhaus &#8211; Souterrain Wer? Mit wem? Was? Wo? EF Servos High-Speed-Escape HU3 ELISABETH-\/ HILDEGARDHAUS &#8211; ERDGESCHOSS 9b Gebhardt Wintertraum H01 9c Heinen Hot and Sweet &#8211; Hot Dogs und gebrannte Mandeln H02 9d van Heek Herzhafte und &hellip; <a href=\"https:\/\/ursulineninfo.de\/?page_id=24\">Weiterlesen <span class=\"meta-nav\">&rarr;<\/span><\/a><\/p>\n","protected":false},"author":1,"featured_media":0,"parent":0,"menu_order":0,"comment_status":"closed","ping_status":"closed","template":"","meta":{"footnotes":""},"class_list":["post-24","page","type-page","status-publish","hentry"],"_links":{"self":[{"href":"https:\/\/ursulineninfo.de\/index.php?rest_route=\/wp\/v2\/pages\/24","targetHints":{"allow":["GET"]}}],"collection":[{"href":"https:\/\/ursulineninfo.de\/index.php?rest_route=\/wp\/v2\/pages"}],"about":[{"href":"https:\/\/ursulineninfo.de\/index.php?rest_route=\/wp\/v2\/types\/page"}],"author":[{"embeddable":true,"href":"https:\/\/ursulineninfo.de\/index.php?rest_route=\/wp\/v2\/users\/1"}],"replies":[{"embeddable":true,"href":"https:\/\/ursulineninfo.de\/index.php?rest_route=%2Fwp%2Fv2%2Fcomments&post=24"}],"version-history":[{"count":1,"href":"https:\/\/ursulineninfo.de\/index.php?rest_route=\/wp\/v2\/pages\/24\/revisions"}],"predecessor-version":[{"id":25,"href":"https:\/\/ursulineninfo.de\/index.php?rest_route=\/wp\/v2\/pages\/24\/revisions\/25"}],"wp:attachment":[{"href":"https:\/\/ursulineninfo.de\/index.php?rest_route=%2Fwp%2Fv2%2Fmedia&parent=24"}],"curies":[{"name":"wp","href":"https:\/\/api.w.org\/{rel}","templated":true}]}}