{"id":31,"date":"2024-11-29T08:49:31","date_gmt":"2024-11-29T08:49:31","guid":{"rendered":"https:\/\/ursulineninfo.de\/?page_id=31"},"modified":"2024-11-29T08:49:31","modified_gmt":"2024-11-29T08:49:31","slug":"cordulahaus","status":"publish","type":"page","link":"https:\/\/ursulineninfo.de\/?page_id=31","title":{"rendered":"Cordulahaus"},"content":{"rendered":"\n<figure class=\"wp-block-table\"><table class=\"has-fixed-layout\"><tbody><tr><td colspan=\"4\"><strong>CORDULAHAUS<\/strong><\/td><\/tr><tr><td><strong>Wer?<\/strong><\/td><td><strong>Mit wem?<\/strong><\/td><td><strong>Was?<\/strong><\/td><td><strong>Wo?<\/strong><\/td><\/tr><tr><td colspan=\"2\"><br>Hildebrand<br><\/td><td><br><em>Second-Hand-Shop Schulkleidung<\/em><br><\/td><td rowspan=\"2\">Foyer<\/td><\/tr><tr><td>8c<br><\/td><td>Schoene<br><\/td><td><em>Pl\u00e4tzchen-Buffet<\/em><br><\/td><\/tr><tr><td>7c<br><\/td><td>Lattka<br><\/td><td><br><em>Wichtelcaf\u00e9 &#8211; Kommt her und lass euch verzaubern! (inklusive Ehemaligencaf\u00e9)<\/em><br><\/td><td>C02<\/td><\/tr><tr><td>6c<br><\/td><td>Schmitt &amp; Mettke<br><\/td><td><em>Weihnachtsstube<\/em><br><\/td><td>C03<\/td><\/tr><tr><td>5b<br><\/td><td>Nolan &amp; Fr\u00f6lich<br><\/td><td><em>Taschen bemalen<\/em><br><\/td><td>C04<\/td><\/tr><\/tbody><\/table><\/figure>\n","protected":false},"excerpt":{"rendered":"<p>CORDULAHAUS Wer? Mit wem? Was? Wo? Hildebrand Second-Hand-Shop Schulkleidung Foyer 8c Schoene Pl\u00e4tzchen-Buffet 7c Lattka Wichtelcaf\u00e9 &#8211; Kommt her und lass euch verzaubern! (inklusive Ehemaligencaf\u00e9) C02 6c Schmitt &amp; Mettke Weihnachtsstube C03 5b Nolan &amp; Fr\u00f6lich Taschen bemalen C04<\/p>\n","protected":false},"author":1,"featured_media":0,"parent":0,"menu_order":0,"comment_status":"closed","ping_status":"closed","template":"","meta":{"footnotes":""},"class_list":["post-31","page","type-page","status-publish","hentry"],"_links":{"self":[{"href":"https:\/\/ursulineninfo.de\/index.php?rest_route=\/wp\/v2\/pages\/31","targetHints":{"allow":["GET"]}}],"collection":[{"href":"https:\/\/ursulineninfo.de\/index.php?rest_route=\/wp\/v2\/pages"}],"about":[{"href":"https:\/\/ursulineninfo.de\/index.php?rest_route=\/wp\/v2\/types\/page"}],"author":[{"embeddable":true,"href":"https:\/\/ursulineninfo.de\/index.php?rest_route=\/wp\/v2\/users\/1"}],"replies":[{"embeddable":true,"href":"https:\/\/ursulineninfo.de\/index.php?rest_route=%2Fwp%2Fv2%2Fcomments&post=31"}],"version-history":[{"count":1,"href":"https:\/\/ursulineninfo.de\/index.php?rest_route=\/wp\/v2\/pages\/31\/revisions"}],"predecessor-version":[{"id":32,"href":"https:\/\/ursulineninfo.de\/index.php?rest_route=\/wp\/v2\/pages\/31\/revisions\/32"}],"wp:attachment":[{"href":"https:\/\/ursulineninfo.de\/index.php?rest_route=%2Fwp%2Fv2%2Fmedia&parent=31"}],"curies":[{"name":"wp","href":"https:\/\/api.w.org\/{rel}","templated":true}]}}